{"id":9,"date":"2020-01-22T16:49:06","date_gmt":"2020-01-22T15:49:06","guid":{"rendered":"https:\/\/galabau-jaeger.de\/?page_id=9"},"modified":"2020-03-02T10:17:13","modified_gmt":"2020-03-02T09:17:13","slug":"elementor-9","status":"publish","type":"page","link":"https:\/\/galabau-jaeger.de\/","title":{"rendered":"Home_temp"},"content":{"rendered":"\t\t<div data-elementor-type=\"wp-page\" data-elementor-id=\"9\" class=\"elementor elementor-9\">\n\t\t\t\t\t\t<section class=\"elementor-section elementor-top-section elementor-element elementor-element-6645c55 elementor-section-height-min-height elementor-section-items-bottom elementor-section-boxed elementor-section-height-default\" data-id=\"6645c55\" data-element_type=\"section\" data-e-type=\"section\" data-settings=\"{&quot;background_background&quot;:&quot;classic&quot;}\">\n\t\t\t\t\t\t<div class=\"elementor-container elementor-column-gap-default\">\n\t\t\t\t\t<div class=\"elementor-column elementor-col-50 elementor-top-column elementor-element elementor-element-28b41a0\" data-id=\"28b41a0\" data-element_type=\"column\" data-e-type=\"column\">\n\t\t\t<div class=\"elementor-widget-wrap\">\n\t\t\t\t\t\t\t<\/div>\n\t\t<\/div>\n\t\t\t\t<div class=\"elementor-column elementor-col-50 elementor-top-column elementor-element elementor-element-6153109\" data-id=\"6153109\" data-element_type=\"column\" data-e-type=\"column\">\n\t\t\t<div class=\"elementor-widget-wrap elementor-element-populated\">\n\t\t\t\t\t\t<div class=\"elementor-element elementor-element-589cd29 elementor-widget elementor-widget-image\" data-id=\"589cd29\" data-element_type=\"widget\" data-e-type=\"widget\" data-widget_type=\"image.default\">\n\t\t\t\t<div class=\"elementor-widget-container\">\n\t\t\t\t\t\t\t\t\t\t\t\t\t\t\t<img decoding=\"async\" width=\"157\" height=\"177\" src=\"https:\/\/galabau-jaeger.de\/wp-content\/uploads\/2020\/01\/logo.jpg\" class=\"attachment-large size-large wp-image-7\" alt=\"\" \/>\t\t\t\t\t\t\t\t\t\t\t\t\t\t\t<\/div>\n\t\t\t\t<\/div>\n\t\t\t\t\t<\/div>\n\t\t<\/div>\n\t\t\t\t\t<\/div>\n\t\t<\/section>\n\t\t\t\t<section class=\"elementor-section elementor-top-section elementor-element elementor-element-947f854 elementor-section-boxed elementor-section-height-default elementor-section-height-default\" data-id=\"947f854\" data-element_type=\"section\" data-e-type=\"section\">\n\t\t\t\t\t\t<div class=\"elementor-container elementor-column-gap-default\">\n\t\t\t\t\t<div class=\"elementor-column elementor-col-100 elementor-top-column elementor-element elementor-element-754b95e\" data-id=\"754b95e\" data-element_type=\"column\" data-e-type=\"column\">\n\t\t\t<div class=\"elementor-widget-wrap elementor-element-populated\">\n\t\t\t\t\t\t<div class=\"elementor-element elementor-element-4c575dc elementor-widget elementor-widget-spacer\" data-id=\"4c575dc\" data-element_type=\"widget\" data-e-type=\"widget\" data-widget_type=\"spacer.default\">\n\t\t\t\t<div class=\"elementor-widget-container\">\n\t\t\t\t\t\t\t<div class=\"elementor-spacer\">\n\t\t\t<div class=\"elementor-spacer-inner\"><\/div>\n\t\t<\/div>\n\t\t\t\t\t\t<\/div>\n\t\t\t\t<\/div>\n\t\t\t\t<section class=\"elementor-section elementor-inner-section elementor-element elementor-element-37e73d2 elementor-section-boxed elementor-section-height-default elementor-section-height-default\" data-id=\"37e73d2\" data-element_type=\"section\" data-e-type=\"section\">\n\t\t\t\t\t\t<div class=\"elementor-container elementor-column-gap-default\">\n\t\t\t\t\t<div class=\"elementor-column elementor-col-50 elementor-inner-column elementor-element elementor-element-3a5c081\" data-id=\"3a5c081\" data-element_type=\"column\" data-e-type=\"column\">\n\t\t\t<div class=\"elementor-widget-wrap elementor-element-populated\">\n\t\t\t\t\t\t<div class=\"elementor-element elementor-element-2ae9013 elementor-widget elementor-widget-heading\" data-id=\"2ae9013\" data-element_type=\"widget\" data-e-type=\"widget\" data-widget_type=\"heading.default\">\n\t\t\t\t<div class=\"elementor-widget-container\">\n\t\t\t\t\t<h2 class=\"elementor-heading-title elementor-size-default\">J\u00e4ger Gartenbau<\/h2>\t\t\t\t<\/div>\n\t\t\t\t<\/div>\n\t\t\t\t\t<\/div>\n\t\t<\/div>\n\t\t\t\t<div class=\"elementor-column elementor-col-50 elementor-inner-column elementor-element elementor-element-bacc5d6\" data-id=\"bacc5d6\" data-element_type=\"column\" data-e-type=\"column\">\n\t\t\t<div class=\"elementor-widget-wrap\">\n\t\t\t\t\t\t\t<\/div>\n\t\t<\/div>\n\t\t\t\t\t<\/div>\n\t\t<\/section>\n\t\t\t\t<section class=\"elementor-section elementor-inner-section elementor-element elementor-element-de00d4e elementor-section-boxed elementor-section-height-default elementor-section-height-default\" data-id=\"de00d4e\" data-element_type=\"section\" data-e-type=\"section\">\n\t\t\t\t\t\t<div class=\"elementor-container elementor-column-gap-default\">\n\t\t\t\t\t<div class=\"elementor-column elementor-col-50 elementor-inner-column elementor-element elementor-element-8096589\" data-id=\"8096589\" data-element_type=\"column\" data-e-type=\"column\">\n\t\t\t<div class=\"elementor-widget-wrap elementor-element-populated\">\n\t\t\t\t\t\t<div class=\"elementor-element elementor-element-07f12f1 elementor-widget elementor-widget-text-editor\" data-id=\"07f12f1\" data-element_type=\"widget\" data-e-type=\"widget\" data-widget_type=\"text-editor.default\">\n\t\t\t\t<div class=\"elementor-widget-container\">\n\t\t\t\t\t\t\t\t\t<p><strong>Unser Leistungsspektrum:<\/strong><\/p><ul><li>Gartengestaltung<\/li><li>Pflasterarbeiten<\/li><li>Zaunanlagen<\/li><li>Rasenarbeiten<\/li><li>Teichbau und Biotopbau<\/li><li>Forstbetrieb:<ul><li>Sicherheitsf\u00e4llungen<\/li><li>Kronensicherung<\/li><li>Rodungen<\/li><li>Waldpflege<\/li><\/ul><\/li><\/ul>\t\t\t\t\t\t\t\t<\/div>\n\t\t\t\t<\/div>\n\t\t\t\t\t<\/div>\n\t\t<\/div>\n\t\t\t\t<div class=\"elementor-column elementor-col-50 elementor-inner-column elementor-element elementor-element-7433185\" data-id=\"7433185\" data-element_type=\"column\" data-e-type=\"column\">\n\t\t\t<div class=\"elementor-widget-wrap elementor-element-populated\">\n\t\t\t\t\t\t<div class=\"elementor-element elementor-element-9018bd7 elementor-arrows-position-inside elementor-pagination-position-outside elementor-widget elementor-widget-image-carousel\" data-id=\"9018bd7\" data-element_type=\"widget\" data-e-type=\"widget\" data-settings=\"{&quot;slides_to_show&quot;:&quot;2&quot;,&quot;image_spacing_custom&quot;:{&quot;unit&quot;:&quot;px&quot;,&quot;size&quot;:35,&quot;sizes&quot;:[]},&quot;navigation&quot;:&quot;both&quot;,&quot;autoplay&quot;:&quot;yes&quot;,&quot;pause_on_hover&quot;:&quot;yes&quot;,&quot;pause_on_interaction&quot;:&quot;yes&quot;,&quot;autoplay_speed&quot;:5000,&quot;infinite&quot;:&quot;yes&quot;,&quot;speed&quot;:500,&quot;image_spacing_custom_tablet&quot;:{&quot;unit&quot;:&quot;px&quot;,&quot;size&quot;:&quot;&quot;,&quot;sizes&quot;:[]},&quot;image_spacing_custom_mobile&quot;:{&quot;unit&quot;:&quot;px&quot;,&quot;size&quot;:&quot;&quot;,&quot;sizes&quot;:[]}}\" data-widget_type=\"image-carousel.default\">\n\t\t\t\t<div class=\"elementor-widget-container\">\n\t\t\t\t\t\t\t<div class=\"elementor-image-carousel-wrapper swiper\" role=\"region\" aria-roledescription=\"carousel\" aria-label=\"Bild Karussell\" dir=\"ltr\">\n\t\t\t<div class=\"elementor-image-carousel swiper-wrapper\" aria-live=\"off\">\n\t\t\t\t\t\t\t\t<div class=\"swiper-slide\" role=\"group\" aria-roledescription=\"slide\" aria-label=\"1 von 5\"><a data-elementor-open-lightbox=\"yes\" data-elementor-lightbox-slideshow=\"9018bd7\" data-elementor-lightbox-title=\"Gartengestaltung_1\" data-e-action-hash=\"#elementor-action%3Aaction%3Dlightbox%26settings%3DeyJpZCI6MTIsInVybCI6Imh0dHBzOlwvXC9nYWxhYmF1LWphZWdlci5kZVwvd3AtY29udGVudFwvdXBsb2Fkc1wvMjAyMFwvMDFcL0dhcnRlbmdlc3RhbHR1bmdfMS5qcGciLCJzbGlkZXNob3ciOiI5MDE4YmQ3In0%3D\" href=\"https:\/\/galabau-jaeger.de\/wp-content\/uploads\/2020\/01\/Gartengestaltung_1.jpg\"><figure class=\"swiper-slide-inner\"><img decoding=\"async\" class=\"swiper-slide-image\" src=\"https:\/\/galabau-jaeger.de\/wp-content\/uploads\/2020\/01\/Gartengestaltung_1.jpg\" alt=\"Gartengestaltung_1\" \/><\/figure><\/a><\/div><div class=\"swiper-slide\" role=\"group\" aria-roledescription=\"slide\" aria-label=\"2 von 5\"><a data-elementor-open-lightbox=\"yes\" data-elementor-lightbox-slideshow=\"9018bd7\" data-elementor-lightbox-title=\"Gartengestaltung_Holzterrassen\" data-e-action-hash=\"#elementor-action%3Aaction%3Dlightbox%26settings%3DeyJpZCI6MTMsInVybCI6Imh0dHBzOlwvXC9nYWxhYmF1LWphZWdlci5kZVwvd3AtY29udGVudFwvdXBsb2Fkc1wvMjAyMFwvMDFcL0dhcnRlbmdlc3RhbHR1bmdfSG9senRlcnJhc3Nlbi5qcGciLCJzbGlkZXNob3ciOiI5MDE4YmQ3In0%3D\" href=\"https:\/\/galabau-jaeger.de\/wp-content\/uploads\/2020\/01\/Gartengestaltung_Holzterrassen.jpg\"><figure class=\"swiper-slide-inner\"><img decoding=\"async\" class=\"swiper-slide-image\" src=\"https:\/\/galabau-jaeger.de\/wp-content\/uploads\/2020\/01\/Gartengestaltung_Holzterrassen.jpg\" alt=\"Gartengestaltung_Holzterrassen\" \/><\/figure><\/a><\/div><div class=\"swiper-slide\" role=\"group\" aria-roledescription=\"slide\" aria-label=\"3 von 5\"><a data-elementor-open-lightbox=\"yes\" data-elementor-lightbox-slideshow=\"9018bd7\" data-elementor-lightbox-title=\"PA_1\" data-e-action-hash=\"#elementor-action%3Aaction%3Dlightbox%26settings%3DeyJpZCI6MTQsInVybCI6Imh0dHBzOlwvXC9nYWxhYmF1LWphZWdlci5kZVwvd3AtY29udGVudFwvdXBsb2Fkc1wvMjAyMFwvMDFcL1BBXzEuanBnIiwic2xpZGVzaG93IjoiOTAxOGJkNyJ9\" href=\"https:\/\/galabau-jaeger.de\/wp-content\/uploads\/2020\/01\/PA_1.jpg\"><figure class=\"swiper-slide-inner\"><img decoding=\"async\" class=\"swiper-slide-image\" src=\"https:\/\/galabau-jaeger.de\/wp-content\/uploads\/2020\/01\/PA_1.jpg\" alt=\"PA_1\" \/><\/figure><\/a><\/div><div class=\"swiper-slide\" role=\"group\" aria-roledescription=\"slide\" aria-label=\"4 von 5\"><a data-elementor-open-lightbox=\"yes\" data-elementor-lightbox-slideshow=\"9018bd7\" data-elementor-lightbox-title=\"Rasenarbeiten_4\" data-e-action-hash=\"#elementor-action%3Aaction%3Dlightbox%26settings%3DeyJpZCI6MTUsInVybCI6Imh0dHBzOlwvXC9nYWxhYmF1LWphZWdlci5kZVwvd3AtY29udGVudFwvdXBsb2Fkc1wvMjAyMFwvMDFcL1Jhc2VuYXJiZWl0ZW5fNC5qcGciLCJzbGlkZXNob3ciOiI5MDE4YmQ3In0%3D\" href=\"https:\/\/galabau-jaeger.de\/wp-content\/uploads\/2020\/01\/Rasenarbeiten_4.jpg\"><figure class=\"swiper-slide-inner\"><img decoding=\"async\" class=\"swiper-slide-image\" src=\"https:\/\/galabau-jaeger.de\/wp-content\/uploads\/2020\/01\/Rasenarbeiten_4.jpg\" alt=\"Rasenarbeiten_4\" \/><\/figure><\/a><\/div><div class=\"swiper-slide\" role=\"group\" aria-roledescription=\"slide\" aria-label=\"5 von 5\"><a data-elementor-open-lightbox=\"yes\" data-elementor-lightbox-slideshow=\"9018bd7\" data-elementor-lightbox-title=\"Teichbau_5\" data-e-action-hash=\"#elementor-action%3Aaction%3Dlightbox%26settings%3DeyJpZCI6MTYsInVybCI6Imh0dHBzOlwvXC9nYWxhYmF1LWphZWdlci5kZVwvd3AtY29udGVudFwvdXBsb2Fkc1wvMjAyMFwvMDFcL1RlaWNoYmF1XzUuanBnIiwic2xpZGVzaG93IjoiOTAxOGJkNyJ9\" href=\"https:\/\/galabau-jaeger.de\/wp-content\/uploads\/2020\/01\/Teichbau_5.jpg\"><figure class=\"swiper-slide-inner\"><img decoding=\"async\" class=\"swiper-slide-image\" src=\"https:\/\/galabau-jaeger.de\/wp-content\/uploads\/2020\/01\/Teichbau_5.jpg\" alt=\"Teichbau_5\" \/><\/figure><\/a><\/div>\t\t\t<\/div>\n\t\t\t\t\t\t\t\t\t\t\t\t<div class=\"elementor-swiper-button elementor-swiper-button-prev\" role=\"button\" tabindex=\"0\">\n\t\t\t\t\t\t<i aria-hidden=\"true\" class=\"eicon-chevron-left\"><\/i>\t\t\t\t\t<\/div>\n\t\t\t\t\t<div class=\"elementor-swiper-button elementor-swiper-button-next\" role=\"button\" tabindex=\"0\">\n\t\t\t\t\t\t<i aria-hidden=\"true\" class=\"eicon-chevron-right\"><\/i>\t\t\t\t\t<\/div>\n\t\t\t\t\n\t\t\t\t\t\t\t\t\t<div class=\"swiper-pagination\"><\/div>\n\t\t\t\t\t\t\t\t\t<\/div>\n\t\t\t\t\t\t<\/div>\n\t\t\t\t<\/div>\n\t\t\t\t\t<\/div>\n\t\t<\/div>\n\t\t\t\t\t<\/div>\n\t\t<\/section>\n\t\t\t\t\t<\/div>\n\t\t<\/div>\n\t\t\t\t\t<\/div>\n\t\t<\/section>\n\t\t\t\t<section class=\"elementor-section elementor-top-section elementor-element elementor-element-24cdf84 elementor-section-boxed elementor-section-height-default elementor-section-height-default\" data-id=\"24cdf84\" data-element_type=\"section\" data-e-type=\"section\">\n\t\t\t\t\t\t<div class=\"elementor-container elementor-column-gap-default\">\n\t\t\t\t\t<div class=\"elementor-column elementor-col-100 elementor-top-column elementor-element elementor-element-cf98793\" data-id=\"cf98793\" data-element_type=\"column\" data-e-type=\"column\">\n\t\t\t<div class=\"elementor-widget-wrap elementor-element-populated\">\n\t\t\t\t\t\t<section class=\"elementor-section elementor-inner-section elementor-element elementor-element-ddfb146 elementor-section-boxed elementor-section-height-default elementor-section-height-default\" data-id=\"ddfb146\" data-element_type=\"section\" data-e-type=\"section\">\n\t\t\t\t\t\t<div class=\"elementor-container elementor-column-gap-default\">\n\t\t\t\t\t<div class=\"elementor-column elementor-col-50 elementor-inner-column elementor-element elementor-element-4b957cb\" data-id=\"4b957cb\" data-element_type=\"column\" data-e-type=\"column\">\n\t\t\t<div class=\"elementor-widget-wrap elementor-element-populated\">\n\t\t\t\t\t\t<div class=\"elementor-element elementor-element-2151e52 elementor-widget elementor-widget-heading\" data-id=\"2151e52\" data-element_type=\"widget\" data-e-type=\"widget\" data-widget_type=\"heading.default\">\n\t\t\t\t<div class=\"elementor-widget-container\">\n\t\t\t\t\t<h2 class=\"elementor-heading-title elementor-size-default\">Impressum<\/h2>\t\t\t\t<\/div>\n\t\t\t\t<\/div>\n\t\t\t\t<div class=\"elementor-element elementor-element-8f092ea elementor-widget elementor-widget-text-editor\" data-id=\"8f092ea\" data-element_type=\"widget\" data-e-type=\"widget\" data-widget_type=\"text-editor.default\">\n\t\t\t\t<div class=\"elementor-widget-container\">\n\t\t\t\t\t\t\t\t\t<p>Galabau J\u00e4ger<br \/>Paul J\u00e4ger GmbH<br \/>Gewerbegebiet Sandwiese<br \/>Akazienweg 12 &#8211; 14<br \/>D &#8211; 64655 Alsbach-H\u00e4hnlein<\/p><p>E-Mail: <a href=\"mailto:info@galabau-jaeger.de\">info@galabau-jaeger.de<\/a><br \/>Tel.: (06257) 62165 Fax: (06257) 62638<br \/>UID: DE111654168<\/p><p>\u00a0<\/p><p><a href=\"https:\/\/galabau-jaeger.de\/?page_id=33\" target=\"_blank\" rel=\"noopener\">Zur Datenschutzerkl\u00e4rung<\/a><\/p>\t\t\t\t\t\t\t\t<\/div>\n\t\t\t\t<\/div>\n\t\t\t\t\t<\/div>\n\t\t<\/div>\n\t\t\t\t<div class=\"elementor-column elementor-col-50 elementor-inner-column elementor-element elementor-element-ff25cad\" data-id=\"ff25cad\" data-element_type=\"column\" data-e-type=\"column\">\n\t\t\t<div class=\"elementor-widget-wrap\">\n\t\t\t\t\t\t\t<\/div>\n\t\t<\/div>\n\t\t\t\t\t<\/div>\n\t\t<\/section>\n\t\t\t\t\t<\/div>\n\t\t<\/div>\n\t\t\t\t\t<\/div>\n\t\t<\/section>\n\t\t\t\t<\/div>\n\t\t","protected":false},"excerpt":{"rendered":"<p>J\u00e4ger Gartenbau Unser Leistungsspektrum: Gartengestaltung Pflasterarbeiten Zaunanlagen Rasenarbeiten Teichbau und Biotopbau Forstbetrieb: Sicherheitsf\u00e4llungen Kronensicherung Rodungen Waldpflege Zur\u00fcck Weiter Impressum Galabau J\u00e4gerPaul J\u00e4ger GmbHGewerbegebiet SandwieseAkazienweg 12 &#8211; 14D &#8211; 64655 Alsbach-H\u00e4hnlein E-Mail: info@galabau-jaeger.deTel.: (06257) 62165 Fax: (06257) 62638UID: DE111654168 \u00a0 Zur Datenschutzerkl\u00e4rung<\/p>\n","protected":false},"author":1,"featured_media":0,"parent":0,"menu_order":0,"comment_status":"closed","ping_status":"closed","template":"templates\/landing.php","meta":{"footnotes":""},"class_list":["post-9","page","type-page","status-publish","hentry","entry"],"_links":{"self":[{"href":"https:\/\/galabau-jaeger.de\/index.php?rest_route=\/wp\/v2\/pages\/9","targetHints":{"allow":["GET"]}}],"collection":[{"href":"https:\/\/galabau-jaeger.de\/index.php?rest_route=\/wp\/v2\/pages"}],"about":[{"href":"https:\/\/galabau-jaeger.de\/index.php?rest_route=\/wp\/v2\/types\/page"}],"author":[{"embeddable":true,"href":"https:\/\/galabau-jaeger.de\/index.php?rest_route=\/wp\/v2\/users\/1"}],"replies":[{"embeddable":true,"href":"https:\/\/galabau-jaeger.de\/index.php?rest_route=%2Fwp%2Fv2%2Fcomments&post=9"}],"version-history":[{"count":13,"href":"https:\/\/galabau-jaeger.de\/index.php?rest_route=\/wp\/v2\/pages\/9\/revisions"}],"predecessor-version":[{"id":40,"href":"https:\/\/galabau-jaeger.de\/index.php?rest_route=\/wp\/v2\/pages\/9\/revisions\/40"}],"wp:attachment":[{"href":"https:\/\/galabau-jaeger.de\/index.php?rest_route=%2Fwp%2Fv2%2Fmedia&parent=9"}],"curies":[{"name":"wp","href":"https:\/\/api.w.org\/{rel}","templated":true}]}}